{"id":21,"date":"2013-11-05T10:01:58","date_gmt":"2013-11-05T16:01:58","guid":{"rendered":"http:\/\/agiltools.com\/blogsp\/?page_id=21"},"modified":"2017-03-01T20:38:50","modified_gmt":"2017-03-02T02:38:50","slug":"acerca-2","status":"publish","type":"page","link":"http:\/\/agiltools.com\/blogsp\/acerca-2\/","title":{"rendered":"Acerca de"},"content":{"rendered":"<div id=\"dslc-theme-content\"><div id=\"dslc-theme-content-inner\"><h2>El blog<\/h2>\n<p>Este blog est\u00e1 dedicado a compartir informaci\u00f3n acerca de la simulaci\u00f3n y Analytics, dos disciplinas que est\u00e1n tomando mucha fuerza en los \u00faltimos a\u00f1os. La gran mayor\u00eda de los aportes de este blog est\u00e1n relacionados con estos dos temas, sin embargo otros tambi\u00e9n interesantes relacionados con tecnolog\u00eda, econom\u00eda y actualidad se presentan ocasionalmente.<\/p>\n<p>En la secci\u00f3n de simulaci\u00f3n usted encontrar\u00e1 una introducci\u00f3n general a la teor\u00eda de la simulaci\u00f3n as\u00ed como un recorrido por diferentes plataformas especializadas. Uno de esos programas es AnyLogic en el cu\u00e1l dedico m\u00e1s tiempo presentando algunos tutoriales paso a paso para construir simulaciones en la\u00a0versi\u00f3n gratuita del software.<\/p>\n<p>Si usted es un apasionado o simplemente curioso por estas t\u00e9cnicas, lo invito a hacer aportes o suscribirse al blog.<\/p>\n<p>&nbsp;<\/p>\n<h2>El autor<\/h2>\n<h3>\u00a0<strong>Alvaro Gil<\/strong><\/h3>\n<p>Ingeniero industrial, magister en econom\u00eda y magister en ingenier\u00eda, investigador, docente y conferencista con m\u00e1s de 15 a\u00f1os de experiencia en el dise\u00f1o e implementaci\u00f3n de soluciones encaminadas a la evaluaci\u00f3n, diagn\u00f3stico y optimizaci\u00f3n de operaciones.\u00a0Me especializo en la aplicacion de t\u00e9cnicas estad\u00edsticas (<a title=\"Analytics\" href=\"http:\/\/en.wikipedia.org\/wiki\/Analytics\" target=\"_blank\">Analytics<\/a>),\u00a0<a title=\"Simulation\" href=\"http:\/\/en.wikipedia.org\/wiki\/Computer_simulation\" target=\"_blank\">Simulaci\u00f3n<\/a>\u00a0y <a href=\"http:\/\/es.wikipedia.org\/wiki\/Optimizaci%C3%B3n_(matem%C3%A1tica)\" target=\"_blank\">Optimizaci\u00f3n<\/a> en diferentes industrias.<\/p>\n<p>Desde el\u00a02012 me dedico activamente a la consultor\u00eda para clientes de diferentes sectores como manufactura, salud, hydrocarburos, log\u00edstica, banca y retail. Algunos de mis posts en este blog hacen referencia a trabajos y simulaciones realizadas con ciertas modificaciones para proteger la integridad de los datos originales. Actualmente resido en Montreal (Canad\u00e1) donde trabajo como consultor asociado para la firma <a href=\"http:\/\/www.visiongss.com\/\">GSS<\/a>.<\/p>\n<p>Para conocer m\u00e1s acerca de mi trabajo como consultor y acad\u00e9mico puede visitar mi sitio <a title=\"AgilTools\" href=\"http:\/\/agiltools.com\/\" target=\"_blank\">web (agiltools.com)<\/a> donde encontrar\u00e1 un cat\u00e1logo completo de servicios.<\/p>\n<h3>Campos de inter\u00e9s:<\/h3>\n<ul>\n<li>Simulaci\u00f3n de eventos discretos<\/li>\n<li>Simulaci\u00f3n a base de agentes<\/li>\n<li>Sistemas complejos<\/li>\n<li>Analytics (miner\u00eda de datos, pron\u00f3sticos, an\u00e1lisis estad\u00edstico)<\/li>\n<li>Optimizaci\u00f3n<\/li>\n<li>Gesti\u00f3n y optimizaci\u00f3n\u00a0de ingresos (Revenue management)<\/li>\n<li>Pricing<\/li>\n<li>Manufactura esbelta<\/li>\n<li>Lean Six-sigma<\/li>\n<li>Sistemas de aprovisionamiento<\/li>\n<li>Cadena de abastecimiento<\/li>\n<\/ul>\n<h3>Software:<\/h3>\n<ul>\n<li>Excel (VBA)<\/li>\n<li>Access, MySQL,\u00a0PostgreSQL<\/li>\n<li>R, Matlab, JMP, Tableau<\/li>\n<li>AnyLogic, Promodel, Flexsim, Simio,\u00a0NetLogo<\/li>\n<li>Python, Java, C++, VB,\u00a0Windev<\/li>\n<\/ul>\n<p><a href=\"http:\/\/www.linkedin.com\/profile\/view?id=63146372\"><img loading=\"lazy\" class=\"alignleft wp-image-465\" src=\"http:\/\/agiltools.com\/blogsp\/wp-content\/uploads\/2013\/11\/LinkedIn-Google-Plus-Profile-Pic-01-150x150.png\" alt=\"LinkedIn-Google-Plus-Profile-Pic-01\" width=\"100\" height=\"100\" srcset=\"http:\/\/agiltools.com\/blogsp\/wp-content\/uploads\/2013\/11\/LinkedIn-Google-Plus-Profile-Pic-01-150x150.png 150w, http:\/\/agiltools.com\/blogsp\/wp-content\/uploads\/2013\/11\/LinkedIn-Google-Plus-Profile-Pic-01-300x300.png 300w, http:\/\/agiltools.com\/blogsp\/wp-content\/uploads\/2013\/11\/LinkedIn-Google-Plus-Profile-Pic-01.png 900w\" sizes=\"(max-width: 100px) 100vw, 100px\" \/><\/a><\/p>\n<p>&nbsp;<\/p>\n<p>&nbsp;<\/p>\n<h3>\u00a0Colombia<\/h3>\n<p><a href=\"http:\/\/agiltools.com\/blogsp\/wp-content\/uploads\/2013\/11\/Colombia_flag.gif\"><img loading=\"lazy\" class=\"alignnone wp-image-135\" title=\"Bandera Colombia\" src=\"http:\/\/agiltools.com\/blogsp\/wp-content\/uploads\/2013\/11\/Colombia_flag-300x200.gif\" alt=\"Colombia_flag\" width=\"180\" height=\"120\" \/><\/a><\/p>\n<p>Soy colombiano y llevo mi pa\u00eds en el coraz\u00f3n; a pesar de estar viviendo en otro lugar, mi sue\u00f1o ha sido y ser\u00e1 volver a mi pa\u00eds a aportar mi grano de arena.<\/p>\n<div class=\"sharedaddy sd-sharing-enabled\"><div class=\"robots-nocontent sd-block sd-social sd-social-icon-text sd-sharing\"><div class=\"sd-content\"><ul><li class=\"share-twitter\"><a rel=\"nofollow noopener noreferrer\" data-shared=\"sharing-twitter-21\" class=\"share-twitter sd-button share-icon\" href=\"http:\/\/agiltools.com\/blogsp\/acerca-2\/?share=twitter\" target=\"_blank\" title=\"Click to share on Twitter\"><span>Twitter<\/span><\/a><\/li><li class=\"share-facebook\"><a rel=\"nofollow noopener noreferrer\" data-shared=\"sharing-facebook-21\" class=\"share-facebook sd-button share-icon\" href=\"http:\/\/agiltools.com\/blogsp\/acerca-2\/?share=facebook\" target=\"_blank\" title=\"Click to share on Facebook\"><span>Facebook<\/span><\/a><\/li><li class=\"share-end\"><\/li><\/ul><\/div><\/div><\/div><\/div><\/div>","protected":false},"excerpt":{"rendered":"<p>El blog Este blog est\u00e1 dedicado a compartir informaci\u00f3n acerca de la simulaci\u00f3n y Analytics, dos disciplinas que est\u00e1n tomando mucha fuerza en los \u00faltimos a\u00f1os. La gran mayor\u00eda de los aportes de este blog est\u00e1n relacionados con estos dos temas, sin embargo otros tambi\u00e9n interesantes relacionados con tecnolog\u00eda, econom\u00eda y actualidad se presentan ocasionalmente. [&hellip;]<\/p>\n<div class=\"sharedaddy sd-sharing-enabled\"><div class=\"robots-nocontent sd-block sd-social sd-social-icon-text sd-sharing\"><div class=\"sd-content\"><ul><li class=\"share-twitter\"><a rel=\"nofollow noopener noreferrer\" data-shared=\"sharing-twitter-21\" class=\"share-twitter sd-button share-icon\" href=\"http:\/\/agiltools.com\/blogsp\/acerca-2\/?share=twitter\" target=\"_blank\" title=\"Click to share on Twitter\"><span>Twitter<\/span><\/a><\/li><li class=\"share-facebook\"><a rel=\"nofollow noopener noreferrer\" data-shared=\"sharing-facebook-21\" class=\"share-facebook sd-button share-icon\" href=\"http:\/\/agiltools.com\/blogsp\/acerca-2\/?share=facebook\" target=\"_blank\" title=\"Click to share on Facebook\"><span>Facebook<\/span><\/a><\/li><li class=\"share-end\"><\/li><\/ul><\/div><\/div><\/div>","protected":false},"author":1,"featured_media":0,"parent":0,"menu_order":3,"comment_status":"open","ping_status":"closed","template":"","meta":{"_mi_skip_tracking":false,"spay_email":""},"jetpack_likes_enabled":true,"jetpack_sharing_enabled":true,"_links":{"self":[{"href":"http:\/\/agiltools.com\/blogsp\/wp-json\/wp\/v2\/pages\/21"}],"collection":[{"href":"http:\/\/agiltools.com\/blogsp\/wp-json\/wp\/v2\/pages"}],"about":[{"href":"http:\/\/agiltools.com\/blogsp\/wp-json\/wp\/v2\/types\/page"}],"author":[{"embeddable":true,"href":"http:\/\/agiltools.com\/blogsp\/wp-json\/wp\/v2\/users\/1"}],"replies":[{"embeddable":true,"href":"http:\/\/agiltools.com\/blogsp\/wp-json\/wp\/v2\/comments?post=21"}],"version-history":[{"count":21,"href":"http:\/\/agiltools.com\/blogsp\/wp-json\/wp\/v2\/pages\/21\/revisions"}],"predecessor-version":[{"id":1233,"href":"http:\/\/agiltools.com\/blogsp\/wp-json\/wp\/v2\/pages\/21\/revisions\/1233"}],"wp:attachment":[{"href":"http:\/\/agiltools.com\/blogsp\/wp-json\/wp\/v2\/media?parent=21"}],"curies":[{"name":"wp","href":"https:\/\/api.w.org\/{rel}","templated":true}]}}