{"id":53,"date":"2013-11-05T10:06:03","date_gmt":"2013-11-05T16:06:03","guid":{"rendered":"http:\/\/agiltools.com\/blogsp\/?page_id=53"},"modified":"2016-09-04T11:45:07","modified_gmt":"2016-09-04T17:45:07","slug":"tutoriales","status":"publish","type":"page","link":"https:\/\/agiltools.com\/blogsp\/tutoriales\/","title":{"rendered":"Tutoriales"},"content":{"rendered":"<div id=\"dslc-theme-content\"><div id=\"dslc-theme-content-inner\"><h2>Introducci\u00f3n<\/h2>\n<p>En esta p\u00e1gina el lector encontrar\u00e1 una compilaci\u00f3n de lecciones para aprender a\u00a0simular. La gran mayor\u00eda de aplicaciones son resueltas utilizando el software especializado <strong>AnyLogic<\/strong>\u00a0<strong>PLE<\/strong>\u00a0 que es la versi\u00f3n gratuita que puede ser descargada en el siguiente <a href=\"http:\/\/www.anylogic.com\/download-free-simulation-software-for-education\/\" target=\"_blank\">link<\/a>.\u00a0He elegido este software pues pese a que existen otros muy buenos en el mercado (ver <a href=\"http:\/\/agiltools.com\/blogsp\/simulacion\/software\/\" target=\"_blank\">software<\/a>), es importante elegir uno para explotar al m\u00e1ximo su potencial y expandir sus aplicaciones. Adicionalmente existen otras razones t\u00e9cnicas que explico a continuaci\u00f3n.<\/p>\n<p>&nbsp;<\/p>\n<h2>Por qu\u00e9 AnyLogic?<\/h2>\n<p>AnyLogic es el \u00fanico softwre de simulaci\u00f3n que integra todos los paradigmas de simulaci\u00f3n en un \u00fanico ambiente, lo que permite controlar el modelo por eventos, actividades, estados, ubicaciones, etc. Esto aunque suene irrelevante es en realidad una gran ventaja en t\u00e9rminos de aplicaciones pues permite al modelador construir todo tipo de modelos e integrarlos en una misma plataforma si es necesario.<\/p>\n<p>Los siguientes videos son solo algunos de los ejemplos del tipo de aplicaciones que se pueden construir:<\/p>\n<ol>\n<li><a title=\"Hub\" href=\"https:\/\/youtu.be\/r4-lgGA3yZU?list=PLSr7q-1xIaDNe-ictDERcpdSQzTOKg-F0\" target=\"_blank\">Hub de transporte<\/a><\/li>\n<li><a title=\"Manufacturing\" href=\"https:\/\/youtu.be\/lE4qew5yvHs\" target=\"_blank\">Planta de manufactura<\/a><\/li>\n<li><a title=\"Agro\" href=\"https:\/\/youtu.be\/oJ0w9RUeC2o\" target=\"_blank\">Modelo de recogida de siembra (Agricultura)<\/a><\/li>\n<li><a title=\"defense\" href=\"https:\/\/youtu.be\/XAU3BPtowRc\" target=\"_blank\">Modelo de defensa tierra-aire<\/a><\/li>\n<li><a title=\"ER\" href=\"https:\/\/youtu.be\/LaHdn3GBIWM?list=PL56DB776111FA2592\" target=\"_blank\">Sala de emergencias de un hospital<\/a><\/li>\n<li><a title=\"Time Square\" href=\"https:\/\/youtu.be\/k_xg1H9nIao\" target=\"_blank\">Publicidad en el Times Square de Nueva York<\/a><\/li>\n<li><a title=\"GIS\" href=\"https:\/\/youtu.be\/z4gHwp6D8R4\" target=\"_blank\">Demostraci\u00f3n de la integraci\u00f3n GIS en AnyLogic<\/a><\/li>\n<\/ol>\n<p>Tambi\u00e9n es posible acceder a estos y muchos m\u00e1s modelos de forma interactiva en el portal <a title=\"Runthemodel\" href=\"http:\/\/www.runthemodel.com\/\" target=\"_blank\">runthemodel.com<\/a>, el cu\u00e1l contiene una compilaci\u00f3n extensa de modelos realizados en AnyLogic por usuarios de todo el mundo. Es importante que el usuario tenga la \u00faltima versi\u00f3n del plug-in Java en su computador para poder ejecutar los modelos (ver <a title=\"Help\" href=\"http:\/\/www.runthemodel.com\/help\/15\/#1336\" target=\"_blank\">ayuda<\/a>).<\/p>\n<h2>Qu\u00e9 es AnyLogic<\/h2>\n<p>AnyLogic es un software de simulaci\u00f3n de origen Ruso fabricado por la compa\u00f1\u00eda XJL Technologies, creado a comienzos de los a\u00f1os 90's por Andrey Borshchev actual CEO de la empresa.\u00a0Esta\u00a0plataforma de simulaci\u00f3n integra diferentes paradigmas como la simulaci\u00f3n de eventos discretos,\u00a0los sistemas din\u00e1micos y la simulaci\u00f3n a base de agentes.<\/p>\n<p>Si bien existen diferentes software de simulaci\u00f3n, AnyLogic es uno de mis preferidos por su flexibilidad dado que est\u00e1 constru\u00eddo sobre un ambiente Eclipse en Java, lo que le permite incorporar no solo las funciones propias del software, sino muchas librer\u00edas externas y por ende ampliar aun m\u00e1s la gama de aplicaciones.<\/p>\n<p>Desafortunadamente no existen muchos recursos de AnyLogic en Espa\u00f1ol por lo tanto es necesario remitirse a mucha documentaci\u00f3n en Ingl\u00e9s para ampliar ejemplos, conceptos y explicaciones.<\/p>\n<h2>Versiones de AnyLogic<\/h2>\n<p>Desde Noviembre de 2014 AnyLogic dio el salto hacia su version 7.x, en la cu\u00e1l se unifican los conceptos de entidades, peatones, recursos, etc, para ser tratados como agentes y darle finalmente un enfoque unificado a los objetos.<\/p>\n<p>Nuevas funcionalidades se incluyeron, entre otras, la integraci\u00f3n con sistemas geogr\u00e1ficos (GIS por sus siglas en ingl\u00e9s), lo que permite integrar mapas extra\u00eddos directamente de servicios de referencia como google maps en los modelos y extraer rutas, regiones y locaciones como referencias en la simulaci\u00f3n\u00a0(ver <a title=\"AnyLogic 7.1\" href=\"http:\/\/agiltools.com\/blogsp\/al71\/\" target=\"_blank\">nueva versi\u00f3n AL<\/a>).<\/p>\n<p>En cuanto al tipo de edici\u00f3n a obtener, muchas ediciones existen donde var\u00eda su funcionalidad (como librerias accesibles, n\u00famero de agentes a crear, exportaci\u00f3n del modelo, etc) y su precio (desde versiones gratuitas hasta licencias de 15mil d\u00f3lares). Para conocer los alcances detallados es aconsejable leer la\u00a0<a title=\"comparacion\" href=\"http:\/\/www.anylogic.com\/editions-comparison\" target=\"_blank\">comparaci\u00f3n de versiones<\/a>,<\/p>\n<p>Para efectos de aprendizaje del software, es aconsejable comenzar con la\u00a0versi\u00f3n PLE que es una gratuita con todas las funcionalidades de la licencia personal pero con limitaciones en cuanto al n\u00famero de agentes a utilizar y la exportaci\u00f3n de modelos (ver <a title=\"PLE\" href=\"http:\/\/agiltools.com\/blogsp\/ple\/\" target=\"_blank\">PLE<\/a>).<\/p>\n<p>&nbsp;<\/p>\n<h2>Tutoriales<\/h2>\n<p>Los siguientes son algunos tutoriales que he elaborado utilizando la versi\u00f3n 7.x edici\u00f3n PLE de AnyLogic. Si usted tiene alg\u00fan caso que quisiera ver desarrollado por favor deje su comentario.<\/p>\n<ol>\n<li><a href=\"http:\/\/agiltools.com\/blogsp\/tutoriales\/introanylogic\/\">Introducci\u00f3n al ambiente AnyLogic<\/a><\/li>\n<li><a href=\"http:\/\/agiltools.com\/blogsp\/tutoriales\/ple_colas1\/\">Modelo simple de colas<\/a><\/li>\n<li><a href=\"http:\/\/agiltools.com\/blogsp\/tutoriales\/ple_colas2\/\">Centro de Copiado<\/a><\/li>\n<li><a href=\"http:\/\/agiltools.com\/blogsp\/tutoriales\/ple_colas3\/\">Carpinter\u00eda El Roble<\/a><\/li>\n<li><a href=\"http:\/\/agiltools.com\/blogsp\/agentes_con_rango_al\/\">C\u00f3mo crear agentes con rangos de visi\u00f3n en AnyLogic<\/a><\/li>\n<li>Manufactura (empresa de juguetes)<\/li>\n<li>Comparaci\u00f3n modelos de producci\u00f3n<\/li>\n<li>Cadena de abastecimiento<\/li>\n<li>Modelo de\u00a0aprovisionamiento<\/li>\n<\/ol>\n<p>&nbsp;<\/p>\n<h2>Otros ejemplos y recursos<\/h2>\n<ol>\n<li><a href=\"http:\/\/agiltools.com\/blogsp\/anylogic_resources\/\">Algunos recursos para el aprendizaje de AnyLogic<\/a><\/li>\n<li><a href=\"http:\/\/agiltools.com\/blogsp\/class_vs_agent\/\">Cu\u00e1ndo usar Java Class y cu\u00e1ndo Agentes en AnyLogic<\/a><\/li>\n<li><a href=\"http:\/\/agiltools.com\/blogsp\/inter-arrival-and-processing-time-distribution\/\">Comparaci\u00f3n de distribuciones de llegada y procesamiento por simulaci\u00f3n<\/a><\/li>\n<li><a href=\"http:\/\/agiltools.com\/blogsp\/integrar_al_r_1\/\">Integrando AnyLogic y R Parte 1<\/a><\/li>\n<li><a href=\"http:\/\/agiltools.com\/blogsp\/anylogic_r_qchart\/\">Integrando AnyLogic y R Parte 2: Gr\u00e1fico de control<\/a><\/li>\n<li><a href=\"http:\/\/agiltools.com\/blogsp\/sampling-anylogic\/\">Muestreo y an\u00e1lisis de resultados usando AnyLogic PLE<\/a><\/li>\n<li><a href=\"http:\/\/agiltools.com\/blogsp\/flow-shop-scheduling1\/\">Flow Shop Scheduling<\/a><\/li>\n<li><a href=\"http:\/\/agiltools.com\/blogsp\/network_capacity\/\">Simulaci\u00f3n de redes con capacidad y velocidad variable<\/a><\/li>\n<li><a href=\"http:\/\/agiltools.com\/blogsp\/nuevo-modelo-pre-triage\/\">Triage sala de urgencias<\/a><\/li>\n<li><a href=\"http:\/\/agiltools.com\/blogsp\/casecart1\/\">Simulaci\u00f3n de sala de operaciones y carros quir\u00fargicos<\/a><\/li>\n<li><a href=\"http:\/\/agiltools.com\/blogsp\/tour-virtual-video\/\">Modelaci\u00f3n flujos peatonales hospitalarios<\/a><\/li>\n<li><a href=\"http:\/\/agiltools.com\/blogsp\/modelo-generico-de-ascensores\/\">Modelo gen\u00e9rico de ascensores<\/a><\/li>\n<li><a href=\"http:\/\/agiltools.com\/blogsp\/terminalvideo3\/\">Simulador Terminal de Petr\u00f3leos\u00a0<\/a><\/li>\n<\/ol>\n<div class=\"sharedaddy sd-sharing-enabled\"><div class=\"robots-nocontent sd-block sd-social sd-social-icon-text sd-sharing\"><div class=\"sd-content\"><ul><li class=\"share-twitter\"><a rel=\"nofollow noopener noreferrer\" data-shared=\"sharing-twitter-53\" class=\"share-twitter sd-button share-icon\" href=\"https:\/\/agiltools.com\/blogsp\/tutoriales\/?share=twitter\" target=\"_blank\" title=\"Click to share on Twitter\"><span>Twitter<\/span><\/a><\/li><li class=\"share-facebook\"><a rel=\"nofollow noopener noreferrer\" data-shared=\"sharing-facebook-53\" class=\"share-facebook sd-button share-icon\" href=\"https:\/\/agiltools.com\/blogsp\/tutoriales\/?share=facebook\" target=\"_blank\" title=\"Click to share on Facebook\"><span>Facebook<\/span><\/a><\/li><li class=\"share-end\"><\/li><\/ul><\/div><\/div><\/div><\/div><\/div>","protected":false},"excerpt":{"rendered":"<p>Introducci\u00f3n En esta p\u00e1gina el lector encontrar\u00e1 una compilaci\u00f3n de lecciones para aprender a\u00a0simular. La gran mayor\u00eda de aplicaciones son resueltas utilizando el software especializado AnyLogic\u00a0PLE\u00a0 que es la versi\u00f3n gratuita que puede ser descargada en el siguiente link.\u00a0He elegido este software pues pese a que existen otros muy buenos en el mercado (ver software), [&hellip;]<\/p>\n<div class=\"sharedaddy sd-sharing-enabled\"><div class=\"robots-nocontent sd-block sd-social sd-social-icon-text sd-sharing\"><div class=\"sd-content\"><ul><li class=\"share-twitter\"><a rel=\"nofollow noopener noreferrer\" data-shared=\"sharing-twitter-53\" class=\"share-twitter sd-button share-icon\" href=\"https:\/\/agiltools.com\/blogsp\/tutoriales\/?share=twitter\" target=\"_blank\" title=\"Click to share on Twitter\"><span>Twitter<\/span><\/a><\/li><li class=\"share-facebook\"><a rel=\"nofollow noopener noreferrer\" data-shared=\"sharing-facebook-53\" class=\"share-facebook sd-button share-icon\" href=\"https:\/\/agiltools.com\/blogsp\/tutoriales\/?share=facebook\" target=\"_blank\" title=\"Click to share on Facebook\"><span>Facebook<\/span><\/a><\/li><li class=\"share-end\"><\/li><\/ul><\/div><\/div><\/div>","protected":false},"author":1,"featured_media":0,"parent":0,"menu_order":2,"comment_status":"open","ping_status":"closed","template":"","meta":{"_mi_skip_tracking":false,"spay_email":""},"jetpack_likes_enabled":true,"jetpack_sharing_enabled":true,"_links":{"self":[{"href":"https:\/\/agiltools.com\/blogsp\/wp-json\/wp\/v2\/pages\/53"}],"collection":[{"href":"https:\/\/agiltools.com\/blogsp\/wp-json\/wp\/v2\/pages"}],"about":[{"href":"https:\/\/agiltools.com\/blogsp\/wp-json\/wp\/v2\/types\/page"}],"author":[{"embeddable":true,"href":"https:\/\/agiltools.com\/blogsp\/wp-json\/wp\/v2\/users\/1"}],"replies":[{"embeddable":true,"href":"https:\/\/agiltools.com\/blogsp\/wp-json\/wp\/v2\/comments?post=53"}],"version-history":[{"count":22,"href":"https:\/\/agiltools.com\/blogsp\/wp-json\/wp\/v2\/pages\/53\/revisions"}],"predecessor-version":[{"id":1205,"href":"https:\/\/agiltools.com\/blogsp\/wp-json\/wp\/v2\/pages\/53\/revisions\/1205"}],"wp:attachment":[{"href":"https:\/\/agiltools.com\/blogsp\/wp-json\/wp\/v2\/media?parent=53"}],"curies":[{"name":"wp","href":"https:\/\/api.w.org\/{rel}","templated":true}]}}