{"id":780,"date":"2015-12-19T22:32:00","date_gmt":"2015-12-20T04:32:00","guid":{"rendered":"http:\/\/agiltools.com\/blogsp\/?page_id=780"},"modified":"2016-09-13T08:52:35","modified_gmt":"2016-09-13T14:52:35","slug":"ple_colas2","status":"publish","type":"page","link":"https:\/\/agiltools.com\/blogsp\/tutoriales\/ple_colas2\/","title":{"rendered":"Modelo de Colas 2"},"content":{"rendered":"<div id=\"dslc-theme-content\"><div id=\"dslc-theme-content-inner\"><h2>Contexto<\/h2>\n<p>Un Juzgado cuenta con un centro de copiado con 3 m\u00e1quinas fotocopiadoras las cuales procesan documentos de tama\u00f1o carta y oficio. La m\u00e1quina 1 opera sin per\u00edodos muertos, pero debe ajustarse durante 1 minuto cada que cambia de tama\u00f1os carta a Oficio. La m\u00e1quina 2 debe parar por 20 minutos cada que ha procesado 300 copias o corre el riesgo de fundirse. La m\u00e1quina 3 debe parar durante 15 minutos cada 2 horas de trabajo para enfriar sus mecanismos internos. Cada paquete de copias llega en grupos de 5 hojas y sus tiempos de llegada en el d\u00eda est\u00e1n dados por la siguiente tabla (asuma distribuci\u00f3n exponencial entre llegadas):<\/p>\n<p>&nbsp;<\/p>\n<table class=\" aligncenter\" width=\"395\">\n<tbody>\n<tr>\n<td width=\"92\"><strong>Hora del d\u00eda<\/strong><\/td>\n<td width=\"151\"><strong>Paquetes recibidos de tama\u00f1o Carta<\/strong><\/td>\n<td width=\"151\"><strong>Paquetes recibidos de tama\u00f1o Oficio<\/strong><\/td>\n<\/tr>\n<tr>\n<td width=\"92\"><strong>1<\/strong><\/td>\n<td width=\"151\">5<\/td>\n<td width=\"151\">10<\/td>\n<\/tr>\n<tr>\n<td width=\"92\"><strong>2<\/strong><\/td>\n<td width=\"151\">10<\/td>\n<td width=\"151\">12<\/td>\n<\/tr>\n<tr>\n<td width=\"92\"><strong>3<\/strong><\/td>\n<td width=\"151\">2<\/td>\n<td width=\"151\">8<\/td>\n<\/tr>\n<tr>\n<td width=\"92\"><strong>4<\/strong><\/td>\n<td width=\"151\">5<\/td>\n<td width=\"151\">6<\/td>\n<\/tr>\n<tr>\n<td width=\"92\"><strong>5<\/strong><\/td>\n<td width=\"151\">2<\/td>\n<td width=\"151\">4<\/td>\n<\/tr>\n<tr>\n<td width=\"92\"><strong>6<\/strong><\/td>\n<td width=\"151\">10<\/td>\n<td width=\"151\">9<\/td>\n<\/tr>\n<tr>\n<td width=\"92\"><strong>7<\/strong><\/td>\n<td width=\"151\">5<\/td>\n<td width=\"151\">15<\/td>\n<\/tr>\n<tr>\n<td width=\"92\"><strong>8<\/strong><\/td>\n<td width=\"151\">8<\/td>\n<td width=\"151\">4<\/td>\n<\/tr>\n<\/tbody>\n<\/table>\n<p style=\"text-align: left;\">El proceso de copiado es distribuido normalmente con media 2 minutos y desviaci\u00f3n 0.5 por cada paquete. En estas circunstancias, cu\u00e1l de las tres m\u00e1quinas es m\u00e1s eficiente?<\/p>\n<h2 style=\"text-align: left;\">Solici\u00f3n en AnyLogic<\/h2>\n<p style=\"text-align: left;\"><a href=\"http:\/\/agiltools.com\/Resources\/PLE_Colas2.zip\">Descargar el Modelo<\/a><\/p>\n<p><a title=\"index AL\" href=\"http:\/\/agiltools.com\/blogsp\/?p=53\">Regresar al \u00edndice<\/a><\/p>\n<p>Siguiente: Tutorial 3\u00a0-\u00a0<a href=\"http:\/\/agiltools.com\/blogsp\/tutoriales\/ple_colas3\/\">Carpinter\u00eda El Roble<\/a><\/p>\n<div class=\"sharedaddy sd-sharing-enabled\"><div class=\"robots-nocontent sd-block sd-social sd-social-icon-text sd-sharing\"><div class=\"sd-content\"><ul><li class=\"share-twitter\"><a rel=\"nofollow noopener noreferrer\" data-shared=\"sharing-twitter-780\" class=\"share-twitter sd-button share-icon\" href=\"https:\/\/agiltools.com\/blogsp\/tutoriales\/ple_colas2\/?share=twitter\" target=\"_blank\" title=\"Click to share on Twitter\"><span>Twitter<\/span><\/a><\/li><li class=\"share-facebook\"><a rel=\"nofollow noopener noreferrer\" data-shared=\"sharing-facebook-780\" class=\"share-facebook sd-button share-icon\" href=\"https:\/\/agiltools.com\/blogsp\/tutoriales\/ple_colas2\/?share=facebook\" target=\"_blank\" title=\"Click to share on Facebook\"><span>Facebook<\/span><\/a><\/li><li class=\"share-end\"><\/li><\/ul><\/div><\/div><\/div><\/div><\/div>","protected":false},"excerpt":{"rendered":"<p>Contexto Un Juzgado cuenta con un centro de copiado con 3 m\u00e1quinas fotocopiadoras las cuales procesan documentos de tama\u00f1o carta y oficio. La m\u00e1quina 1 opera sin per\u00edodos muertos, pero debe ajustarse durante 1 minuto cada que cambia de tama\u00f1os carta a Oficio. La m\u00e1quina 2 debe parar por 20 minutos cada que ha procesado [&hellip;]<\/p>\n<div class=\"sharedaddy sd-sharing-enabled\"><div class=\"robots-nocontent sd-block sd-social sd-social-icon-text sd-sharing\"><div class=\"sd-content\"><ul><li class=\"share-twitter\"><a rel=\"nofollow noopener noreferrer\" data-shared=\"sharing-twitter-780\" class=\"share-twitter sd-button share-icon\" href=\"https:\/\/agiltools.com\/blogsp\/tutoriales\/ple_colas2\/?share=twitter\" target=\"_blank\" title=\"Click to share on Twitter\"><span>Twitter<\/span><\/a><\/li><li class=\"share-facebook\"><a rel=\"nofollow noopener noreferrer\" data-shared=\"sharing-facebook-780\" class=\"share-facebook sd-button share-icon\" href=\"https:\/\/agiltools.com\/blogsp\/tutoriales\/ple_colas2\/?share=facebook\" target=\"_blank\" title=\"Click to share on Facebook\"><span>Facebook<\/span><\/a><\/li><li class=\"share-end\"><\/li><\/ul><\/div><\/div><\/div>","protected":false},"author":1,"featured_media":0,"parent":53,"menu_order":3,"comment_status":"closed","ping_status":"closed","template":"","meta":{"_mi_skip_tracking":false,"spay_email":""},"jetpack_likes_enabled":true,"jetpack_sharing_enabled":true,"_links":{"self":[{"href":"https:\/\/agiltools.com\/blogsp\/wp-json\/wp\/v2\/pages\/780"}],"collection":[{"href":"https:\/\/agiltools.com\/blogsp\/wp-json\/wp\/v2\/pages"}],"about":[{"href":"https:\/\/agiltools.com\/blogsp\/wp-json\/wp\/v2\/types\/page"}],"author":[{"embeddable":true,"href":"https:\/\/agiltools.com\/blogsp\/wp-json\/wp\/v2\/users\/1"}],"replies":[{"embeddable":true,"href":"https:\/\/agiltools.com\/blogsp\/wp-json\/wp\/v2\/comments?post=780"}],"version-history":[{"count":7,"href":"https:\/\/agiltools.com\/blogsp\/wp-json\/wp\/v2\/pages\/780\/revisions"}],"predecessor-version":[{"id":1215,"href":"https:\/\/agiltools.com\/blogsp\/wp-json\/wp\/v2\/pages\/780\/revisions\/1215"}],"up":[{"embeddable":true,"href":"https:\/\/agiltools.com\/blogsp\/wp-json\/wp\/v2\/pages\/53"}],"wp:attachment":[{"href":"https:\/\/agiltools.com\/blogsp\/wp-json\/wp\/v2\/media?parent=780"}],"curies":[{"name":"wp","href":"https:\/\/api.w.org\/{rel}","templated":true}]}}