{"id":783,"date":"2015-12-19T22:37:30","date_gmt":"2015-12-20T04:37:30","guid":{"rendered":"http:\/\/agiltools.com\/blogsp\/?page_id=783"},"modified":"2016-01-23T12:53:59","modified_gmt":"2016-01-23T18:53:59","slug":"ple_colas4","status":"publish","type":"page","link":"https:\/\/agiltools.com\/blogsp\/tutoriales\/ple_colas4\/","title":{"rendered":"Modelo de colas 4 (redes)"},"content":{"rendered":"<div id=\"dslc-theme-content\"><div id=\"dslc-theme-content-inner\"><h2>Enunciado<\/h2>\n<p>La f\u00e1brica de juguetes PLAY MART DOLL tiene 4 secciones (A, B, C, D). Los juguetes que fabrican se pueden clasificar en 5 categor\u00edas, con demandas anuales variables:<\/p>\n<p>Tipo 1: demanda anual de 500 unidades y por sus especificaciones los deben circular por la secci\u00f3n A, luego la secci\u00f3n B y por \u00faltimo la secci\u00f3n C<\/p>\n<p>Tipo 2: demanda anual de 3000 unidades y deben circular por ABD<\/p>\n<p>Tipo 3: demanda anual de 2000 unidades y deben circular por BD<\/p>\n<p>Tipo 4: demanda anual de 2000 unidades y deben circular por AC<\/p>\n<p>Tipo 5: demanda anual de 1000 unidades y deben circular por BC<\/p>\n<p>Sabiendo que el ritmo de producci\u00f3n por hora en una m\u00e1quina de tipo A es de 2 unidades, el de B de 2 unidades, el de C de 4 unidades y el de D de 2 unidades por hora, con un a\u00f1o de 220 d\u00edas y 8 horas diarias de trabajo, y asumiendo tiempos exponenciales:<\/p>\n<ol>\n<li>Modele el problema definiendo los par\u00e1metros b\u00e1sicos para cada secci\u00f3n<\/li>\n<li>Defina el n\u00famero de m\u00e1quinas indispensables en cada secci\u00f3n<\/li>\n<li>Asumiendo que los niveles de inventario se mantendr\u00e1n en los m\u00ednimos indispensables, Cu\u00e1l es el tiempo medio esperado de producci\u00f3n de un producto en el sistema?<\/li>\n<li>Si el tiempo medio de entrega de un producto es de 10 d\u00edas, cu\u00e1l es el nivel medio de inventarios en el sistema?<\/li>\n<\/ol>\n<p>&nbsp;<\/p>\n<h2><strong>Soluci\u00f3n anal\u00edtica<\/strong><\/h2>\n<p>&nbsp;<\/p>\n<h2>Solici\u00f3n en AnyLogic<\/h2>\n<p>&nbsp;<\/p>\n<p>Descargar modelo<\/p>\n<div class=\"sharedaddy sd-sharing-enabled\"><div class=\"robots-nocontent sd-block sd-social sd-social-icon-text sd-sharing\"><div class=\"sd-content\"><ul><li class=\"share-twitter\"><a rel=\"nofollow noopener noreferrer\" data-shared=\"sharing-twitter-783\" class=\"share-twitter sd-button share-icon\" href=\"https:\/\/agiltools.com\/blogsp\/tutoriales\/ple_colas4\/?share=twitter\" target=\"_blank\" title=\"Click to share on Twitter\"><span>Twitter<\/span><\/a><\/li><li class=\"share-facebook\"><a rel=\"nofollow noopener noreferrer\" data-shared=\"sharing-facebook-783\" class=\"share-facebook sd-button share-icon\" href=\"https:\/\/agiltools.com\/blogsp\/tutoriales\/ple_colas4\/?share=facebook\" target=\"_blank\" title=\"Click to share on Facebook\"><span>Facebook<\/span><\/a><\/li><li class=\"share-end\"><\/li><\/ul><\/div><\/div><\/div><\/div><\/div>","protected":false},"excerpt":{"rendered":"<p>Enunciado La f\u00e1brica de juguetes PLAY MART DOLL tiene 4 secciones (A, B, C, D). Los juguetes que fabrican se pueden clasificar en 5 categor\u00edas, con demandas anuales variables: Tipo 1: demanda anual de 500 unidades y por sus especificaciones los deben circular por la secci\u00f3n A, luego la secci\u00f3n B y por \u00faltimo la [&hellip;]<\/p>\n<div class=\"sharedaddy sd-sharing-enabled\"><div class=\"robots-nocontent sd-block sd-social sd-social-icon-text sd-sharing\"><div class=\"sd-content\"><ul><li class=\"share-twitter\"><a rel=\"nofollow noopener noreferrer\" data-shared=\"sharing-twitter-783\" class=\"share-twitter sd-button share-icon\" href=\"https:\/\/agiltools.com\/blogsp\/tutoriales\/ple_colas4\/?share=twitter\" target=\"_blank\" title=\"Click to share on Twitter\"><span>Twitter<\/span><\/a><\/li><li class=\"share-facebook\"><a rel=\"nofollow noopener noreferrer\" data-shared=\"sharing-facebook-783\" class=\"share-facebook sd-button share-icon\" href=\"https:\/\/agiltools.com\/blogsp\/tutoriales\/ple_colas4\/?share=facebook\" target=\"_blank\" title=\"Click to share on Facebook\"><span>Facebook<\/span><\/a><\/li><li class=\"share-end\"><\/li><\/ul><\/div><\/div><\/div>","protected":false},"author":1,"featured_media":0,"parent":53,"menu_order":5,"comment_status":"closed","ping_status":"closed","template":"template-full-width.php","meta":{"_mi_skip_tracking":false,"spay_email":""},"jetpack_likes_enabled":true,"jetpack_sharing_enabled":true,"_links":{"self":[{"href":"https:\/\/agiltools.com\/blogsp\/wp-json\/wp\/v2\/pages\/783"}],"collection":[{"href":"https:\/\/agiltools.com\/blogsp\/wp-json\/wp\/v2\/pages"}],"about":[{"href":"https:\/\/agiltools.com\/blogsp\/wp-json\/wp\/v2\/types\/page"}],"author":[{"embeddable":true,"href":"https:\/\/agiltools.com\/blogsp\/wp-json\/wp\/v2\/users\/1"}],"replies":[{"embeddable":true,"href":"https:\/\/agiltools.com\/blogsp\/wp-json\/wp\/v2\/comments?post=783"}],"version-history":[{"count":3,"href":"https:\/\/agiltools.com\/blogsp\/wp-json\/wp\/v2\/pages\/783\/revisions"}],"predecessor-version":[{"id":811,"href":"https:\/\/agiltools.com\/blogsp\/wp-json\/wp\/v2\/pages\/783\/revisions\/811"}],"up":[{"embeddable":true,"href":"https:\/\/agiltools.com\/blogsp\/wp-json\/wp\/v2\/pages\/53"}],"wp:attachment":[{"href":"https:\/\/agiltools.com\/blogsp\/wp-json\/wp\/v2\/media?parent=783"}],"curies":[{"name":"wp","href":"https:\/\/api.w.org\/{rel}","templated":true}]}}