{"id":809,"date":"2015-12-19T22:35:27","date_gmt":"2015-12-20T04:35:27","guid":{"rendered":"http:\/\/agiltools.com\/blogsp\/?page_id=809"},"modified":"2017-05-24T10:34:27","modified_gmt":"2017-05-24T16:34:27","slug":"ple_colas3","status":"publish","type":"page","link":"https:\/\/agiltools.com\/blogsp\/tutoriales\/ple_colas3\/","title":{"rendered":"Modelo de colas 3"},"content":{"rendered":"<div id=\"dslc-theme-content\"><div id=\"dslc-theme-content-inner\"><h2>Contexto<\/h2>\n<p>La carpinter\u00eda El Roble, procesa madera de la siguiente manera: Recibe troncos de madera a raz\u00f3n de 30 T\/hora y los ingresa a un control de calidad inicial. En este se determina si el tronco es v\u00e1lido o no para su procesamiento. La probabilidad de encontrar un tronco en buen estado es de un 80%. El tiempo de la inspecci\u00f3n es de 1 min por tronco (+\/- 10%). En caso de no ser apto, pasa a un proceso de aserrado en una m\u00e1quina especial cuyo tiempo de operaci\u00f3n es uniforme entre 4 y 6 minutos.<\/p>\n<p>Los troncos aptos pasan a un proceso de corte donde se cuenta con dos m\u00e1quinas cortadoras con tiempos de operaci\u00f3n que se distribuyen exponencialmente con media de 8 minutos por m\u00e1quina. Al salir de este proceso deben pasar por un proceso de lijado y pulido en una m\u00e1quina lijadora que tiene un tiempo de procesamiento distribuido normalmente con media 6 y desviaci\u00f3n est\u00e1ndar 3.\u00a0 Finalmente estas piezas pasan a un proceso de pintura con barniz, realizado por dos operarios de forma artesanal. Estos operarios tienen un tiempo de procesamiento distribuido triangularmente con media 4.2, m\u00ednimo 1.4 y m\u00e1ximo 12.6. Al finalizar el proceso las piezas pasan a una bodega de almacenamiento de producto terminado.<\/p>\n<p>El due\u00f1o de la carpinter\u00eda est\u00e1 preocupado por que encuentra que cerca del 50% de la mercanc\u00eda ingresada al d\u00eda no alcanza a ser procesada en un turno normal de 8 horas y desea saber qu\u00e9 estrategias deber\u00eda seguir para corregir este problema, minimizando costos.<\/p>\n<p>Usted es contratado para modelar y analizar el proceso, y sugerir estrategias para mejorarlo<\/p>\n<h3>Soluci\u00f3n en AnyLogic<\/h3>\n<p><img loading=\"lazy\" class=\"aligncenter size-full wp-image-1258\" src=\"http:\/\/agiltools.com\/blogsp\/wp-content\/uploads\/2015\/12\/plecolas3_1.png\" alt=\"\" width=\"995\" height=\"691\" srcset=\"https:\/\/agiltools.com\/blogsp\/wp-content\/uploads\/2015\/12\/plecolas3_1.png 995w, https:\/\/agiltools.com\/blogsp\/wp-content\/uploads\/2015\/12\/plecolas3_1-300x208.png 300w, https:\/\/agiltools.com\/blogsp\/wp-content\/uploads\/2015\/12\/plecolas3_1-768x533.png 768w\" sizes=\"(max-width: 995px) 100vw, 995px\" \/><\/p>\n<p>&nbsp;<\/p>\n<p><img loading=\"lazy\" class=\"aligncenter size-full wp-image-1259\" src=\"http:\/\/agiltools.com\/blogsp\/wp-content\/uploads\/2015\/12\/plecolas3_2.png\" alt=\"\" width=\"1002\" height=\"697\" srcset=\"https:\/\/agiltools.com\/blogsp\/wp-content\/uploads\/2015\/12\/plecolas3_2.png 1002w, https:\/\/agiltools.com\/blogsp\/wp-content\/uploads\/2015\/12\/plecolas3_2-300x209.png 300w, https:\/\/agiltools.com\/blogsp\/wp-content\/uploads\/2015\/12\/plecolas3_2-768x534.png 768w\" sizes=\"(max-width: 1002px) 100vw, 1002px\" \/><\/p>\n<p><a href=\"http:\/\/agiltools.com\/Resources\/PLE%20Colas3.zip\">Descargar el modelo<\/a><\/p>\n<p><a title=\"index AL\" href=\"http:\/\/agiltools.com\/blogsp\/?p=53\">Regresar al \u00edndice<\/a><\/p>\n<p>Siguiente: Tutorial 4\u00a0-\u00a0F\u00e1brica de juguetes (aplicaci\u00f3n de red abierta de Jackson)<\/p>\n<div class=\"sharedaddy sd-sharing-enabled\"><div class=\"robots-nocontent sd-block sd-social sd-social-icon-text sd-sharing\"><div class=\"sd-content\"><ul><li class=\"share-twitter\"><a rel=\"nofollow noopener noreferrer\" data-shared=\"sharing-twitter-809\" class=\"share-twitter sd-button share-icon\" href=\"https:\/\/agiltools.com\/blogsp\/tutoriales\/ple_colas3\/?share=twitter\" target=\"_blank\" title=\"Click to share on Twitter\"><span>Twitter<\/span><\/a><\/li><li class=\"share-facebook\"><a rel=\"nofollow noopener noreferrer\" data-shared=\"sharing-facebook-809\" class=\"share-facebook sd-button share-icon\" href=\"https:\/\/agiltools.com\/blogsp\/tutoriales\/ple_colas3\/?share=facebook\" target=\"_blank\" title=\"Click to share on Facebook\"><span>Facebook<\/span><\/a><\/li><li class=\"share-end\"><\/li><\/ul><\/div><\/div><\/div><\/div><\/div>","protected":false},"excerpt":{"rendered":"<p>Contexto La carpinter\u00eda El Roble, procesa madera de la siguiente manera: Recibe troncos de madera a raz\u00f3n de 30 T\/hora y los ingresa a un control de calidad inicial. En este se determina si el tronco es v\u00e1lido o no para su procesamiento. La probabilidad de encontrar un tronco en buen estado es de un [&hellip;]<\/p>\n<div class=\"sharedaddy sd-sharing-enabled\"><div class=\"robots-nocontent sd-block sd-social sd-social-icon-text sd-sharing\"><div class=\"sd-content\"><ul><li class=\"share-twitter\"><a rel=\"nofollow noopener noreferrer\" data-shared=\"sharing-twitter-809\" class=\"share-twitter sd-button share-icon\" href=\"https:\/\/agiltools.com\/blogsp\/tutoriales\/ple_colas3\/?share=twitter\" target=\"_blank\" title=\"Click to share on Twitter\"><span>Twitter<\/span><\/a><\/li><li class=\"share-facebook\"><a rel=\"nofollow noopener noreferrer\" data-shared=\"sharing-facebook-809\" class=\"share-facebook sd-button share-icon\" href=\"https:\/\/agiltools.com\/blogsp\/tutoriales\/ple_colas3\/?share=facebook\" target=\"_blank\" title=\"Click to share on Facebook\"><span>Facebook<\/span><\/a><\/li><li class=\"share-end\"><\/li><\/ul><\/div><\/div><\/div>","protected":false},"author":1,"featured_media":0,"parent":53,"menu_order":4,"comment_status":"closed","ping_status":"closed","template":"","meta":{"_mi_skip_tracking":false,"spay_email":""},"jetpack_likes_enabled":true,"jetpack_sharing_enabled":true,"_links":{"self":[{"href":"https:\/\/agiltools.com\/blogsp\/wp-json\/wp\/v2\/pages\/809"}],"collection":[{"href":"https:\/\/agiltools.com\/blogsp\/wp-json\/wp\/v2\/pages"}],"about":[{"href":"https:\/\/agiltools.com\/blogsp\/wp-json\/wp\/v2\/types\/page"}],"author":[{"embeddable":true,"href":"https:\/\/agiltools.com\/blogsp\/wp-json\/wp\/v2\/users\/1"}],"replies":[{"embeddable":true,"href":"https:\/\/agiltools.com\/blogsp\/wp-json\/wp\/v2\/comments?post=809"}],"version-history":[{"count":5,"href":"https:\/\/agiltools.com\/blogsp\/wp-json\/wp\/v2\/pages\/809\/revisions"}],"predecessor-version":[{"id":1261,"href":"https:\/\/agiltools.com\/blogsp\/wp-json\/wp\/v2\/pages\/809\/revisions\/1261"}],"up":[{"embeddable":true,"href":"https:\/\/agiltools.com\/blogsp\/wp-json\/wp\/v2\/pages\/53"}],"wp:attachment":[{"href":"https:\/\/agiltools.com\/blogsp\/wp-json\/wp\/v2\/media?parent=809"}],"curies":[{"name":"wp","href":"https:\/\/api.w.org\/{rel}","templated":true}]}}