{"id":812,"date":"2015-12-19T22:40:13","date_gmt":"2015-12-20T04:40:13","guid":{"rendered":"http:\/\/agiltools.com\/blogsp\/?page_id=812"},"modified":"2016-01-23T12:54:23","modified_gmt":"2016-01-23T18:54:23","slug":"ple_colas5","status":"publish","type":"page","link":"https:\/\/agiltools.com\/blogsp\/tutoriales\/ple_colas5\/","title":{"rendered":"Modelo de colas 5"},"content":{"rendered":"<div id=\"dslc-theme-content\"><div id=\"dslc-theme-content-inner\"><h2>Contexto<\/h2>\n<p>Industrias IO fabrica autopartes para ser utilizadas en posterior ensamblaje, para lo cual cuenta con 3 procesos b\u00e1sicos de transformaci\u00f3n de materiales, as\u00ed como con unos almacenes temporales y finalmente la entrega al cliente (ver diagrama). Los tiempos de operaci\u00f3n en estos tres procesos est\u00e1n distribuidos como se muestra en la siguiente tabla:<\/p>\n<table class=\" aligncenter\" style=\"height: 270px;\" width=\"400\">\n<tbody>\n<tr>\n<td width=\"158\"><strong>Proceso<\/strong><\/td>\n<td width=\"227\"><strong>Distribuci\u00f3n Tiempo de Operaci\u00f3n<\/strong><\/td>\n<\/tr>\n<tr>\n<td width=\"158\"><strong>Pulido<\/strong><\/td>\n<td width=\"227\">e(10)<\/td>\n<\/tr>\n<tr>\n<td width=\"158\"><strong>Rectificado<\/strong><\/td>\n<td width=\"227\">n(20, 10)<\/td>\n<\/tr>\n<tr>\n<td width=\"158\"><strong>Troquelado<\/strong><\/td>\n<td width=\"227\">e(15)<\/td>\n<\/tr>\n<\/tbody>\n<\/table>\n<p style=\"text-align: left;\">La empresa cuenta con un almac\u00e9n de materias primas que tiene al comienzo de las operaciones 300 piezas para ser procesadas. Estas piezas provienen de otras l\u00edneas de producci\u00f3n. As\u00ed mismo la empresa cuenta con dos tipos de recursos: 4 Operarios tipo A y 2 tipo B. El tiempo de corrida de la simulaci\u00f3n ser\u00e1 de 72 horas continuas sin turnos de trabajo. Los almacenes temporales cuentan con una capacidad limitada llamada BUFFER de manera que se controla la cantidad de material en proceso a mantener<\/p>\n<p style=\"text-align: left;\">Desarrolle un modelo de simulaci\u00f3n comparando m\u00e9todos Push y Pull (MRP, JIT, CONWIP y Drum Buffer) y encuentre el mejor.<\/p>\n<h2 style=\"text-align: left;\">Soluci\u00f3n en AnyLogic<\/h2>\n<p style=\"text-align: left;\">Descargar el modelo<\/p>\n<div class=\"sharedaddy sd-sharing-enabled\"><div class=\"robots-nocontent sd-block sd-social sd-social-icon-text sd-sharing\"><div class=\"sd-content\"><ul><li class=\"share-twitter\"><a rel=\"nofollow noopener noreferrer\" data-shared=\"sharing-twitter-812\" class=\"share-twitter sd-button share-icon\" href=\"https:\/\/agiltools.com\/blogsp\/tutoriales\/ple_colas5\/?share=twitter\" target=\"_blank\" title=\"Click to share on Twitter\"><span>Twitter<\/span><\/a><\/li><li class=\"share-facebook\"><a rel=\"nofollow noopener noreferrer\" data-shared=\"sharing-facebook-812\" class=\"share-facebook sd-button share-icon\" href=\"https:\/\/agiltools.com\/blogsp\/tutoriales\/ple_colas5\/?share=facebook\" target=\"_blank\" title=\"Click to share on Facebook\"><span>Facebook<\/span><\/a><\/li><li class=\"share-end\"><\/li><\/ul><\/div><\/div><\/div><\/div><\/div>","protected":false},"excerpt":{"rendered":"<p>Contexto Industrias IO fabrica autopartes para ser utilizadas en posterior ensamblaje, para lo cual cuenta con 3 procesos b\u00e1sicos de transformaci\u00f3n de materiales, as\u00ed como con unos almacenes temporales y finalmente la entrega al cliente (ver diagrama). Los tiempos de operaci\u00f3n en estos tres procesos est\u00e1n distribuidos como se muestra en la siguiente tabla: Proceso [&hellip;]<\/p>\n<div class=\"sharedaddy sd-sharing-enabled\"><div class=\"robots-nocontent sd-block sd-social sd-social-icon-text sd-sharing\"><div class=\"sd-content\"><ul><li class=\"share-twitter\"><a rel=\"nofollow noopener noreferrer\" data-shared=\"sharing-twitter-812\" class=\"share-twitter sd-button share-icon\" href=\"https:\/\/agiltools.com\/blogsp\/tutoriales\/ple_colas5\/?share=twitter\" target=\"_blank\" title=\"Click to share on Twitter\"><span>Twitter<\/span><\/a><\/li><li class=\"share-facebook\"><a rel=\"nofollow noopener noreferrer\" data-shared=\"sharing-facebook-812\" class=\"share-facebook sd-button share-icon\" href=\"https:\/\/agiltools.com\/blogsp\/tutoriales\/ple_colas5\/?share=facebook\" target=\"_blank\" title=\"Click to share on Facebook\"><span>Facebook<\/span><\/a><\/li><li class=\"share-end\"><\/li><\/ul><\/div><\/div><\/div>","protected":false},"author":1,"featured_media":0,"parent":53,"menu_order":6,"comment_status":"closed","ping_status":"closed","template":"template-full-width.php","meta":{"_mi_skip_tracking":false,"spay_email":""},"jetpack_likes_enabled":true,"jetpack_sharing_enabled":true,"_links":{"self":[{"href":"https:\/\/agiltools.com\/blogsp\/wp-json\/wp\/v2\/pages\/812"}],"collection":[{"href":"https:\/\/agiltools.com\/blogsp\/wp-json\/wp\/v2\/pages"}],"about":[{"href":"https:\/\/agiltools.com\/blogsp\/wp-json\/wp\/v2\/types\/page"}],"author":[{"embeddable":true,"href":"https:\/\/agiltools.com\/blogsp\/wp-json\/wp\/v2\/users\/1"}],"replies":[{"embeddable":true,"href":"https:\/\/agiltools.com\/blogsp\/wp-json\/wp\/v2\/comments?post=812"}],"version-history":[{"count":2,"href":"https:\/\/agiltools.com\/blogsp\/wp-json\/wp\/v2\/pages\/812\/revisions"}],"predecessor-version":[{"id":850,"href":"https:\/\/agiltools.com\/blogsp\/wp-json\/wp\/v2\/pages\/812\/revisions\/850"}],"up":[{"embeddable":true,"href":"https:\/\/agiltools.com\/blogsp\/wp-json\/wp\/v2\/pages\/53"}],"wp:attachment":[{"href":"https:\/\/agiltools.com\/blogsp\/wp-json\/wp\/v2\/media?parent=812"}],"curies":[{"name":"wp","href":"https:\/\/api.w.org\/{rel}","templated":true}]}}