{"id":975,"date":"2016-04-22T19:49:39","date_gmt":"2016-04-23T01:49:39","guid":{"rendered":"http:\/\/agiltools.com\/blogsp\/?page_id=975"},"modified":"2016-04-23T01:53:14","modified_gmt":"2016-04-23T07:53:14","slug":"analytics","status":"publish","type":"page","link":"https:\/\/agiltools.com\/blogsp\/analytics\/","title":{"rendered":"Analytics"},"content":{"rendered":"<div id=\"dslc-theme-content\"><div id=\"dslc-theme-content-inner\"><p><a href=\"http:\/\/agiltools.com\/blogsp\/wp-content\/uploads\/2016\/04\/analytics.gif\"><img loading=\"lazy\" class=\"aligncenter wp-image-980\" src=\"http:\/\/agiltools.com\/blogsp\/wp-content\/uploads\/2016\/04\/analytics-300x212.gif\" alt=\"analytics\" width=\"600\" height=\"424\" \/><\/a><\/p>\n<h2>Qu\u00e9 es Analytics?<\/h2>\n<p>Analytics es el an\u00e1lisis sist\u00e9mico de\u00a0datos\u00a0que permite\u00a0obtener informaci\u00f3n relevante a un objeto de estudio. El objeto es muy amplio y seg\u00fan el campo de aplicaci\u00f3n puede tratarse de las ventas de una empresa, las visitas a una p\u00e1gina web, los h\u00e1bitos de consumo de una poblaci\u00f3n, los comportamientos en redes sociales, etc.<\/p>\n<p>La aplicaci\u00f3n de Anlyicis implica combinar muchas\u00a0actividades y habilidades, desde la obtenci\u00f3n y manipulaci\u00f3n de la informaci\u00f3n, la aplicaci\u00f3n de t\u00e9cnicas estad\u00edsticas y matem\u00e1ticas, y la elaboraci\u00f3n de modelos inteligentes para el tratamiento de informaci\u00f3n y la generaci\u00f3n de reportes.<\/p>\n<p>La organizaci\u00f3n INFORMS tiene una comunidad especializada en este tema. En su <a href=\"https:\/\/www.informs.org\/Community\/Analytics\">portal<\/a>, realizan una definici\u00f3n de este concepto dividida en tres t\u00f3picos:<\/p>\n<ol>\n<li>Analytics descriptivo\n<ol>\n<li>Preparar y analizar datos hist\u00f3ricos<\/li>\n<li>Identificar patrones de muestras hist\u00f3ricas<\/li>\n<\/ol>\n<\/li>\n<li>Analytics\u00a0predictivo\n<ol>\n<li>Establecer\u00a0probabilidades y tendencias futuras<\/li>\n<li>Hallar\u00a0relaciones en los datos que no son f\u00e1cilmente identificables en la fase descriptiva<\/li>\n<\/ol>\n<\/li>\n<li>Analytics\u00a0prescriptivo\n<ol>\n<li>Evaluar y determinar nuevas formas formas de operar<\/li>\n<li>Identificar objetivos estrat\u00e9gicos del negocio<\/li>\n<li>Balancear restricciones<\/li>\n<\/ol>\n<\/li>\n<\/ol>\n<h3>Breve historia de Analytics<\/h3>\n<p>El t\u00e9rmino Analytics fue introducido a finales de los 90's por la organizaci\u00f3n INFORMS como una evoluci\u00f3n de la <span style=\"text-decoration: underline;\">miner\u00eda de datos<\/span>, <span style=\"text-decoration: underline;\">programaci\u00f3n<\/span> e\u00a0<span style=\"text-decoration: underline;\">inteligrancia de negocios<\/span> (business intelligence), sin embargo alcanz\u00f3 su popularidad solo hasta la prim\u00e9ra d\u00e9cada del 2000 cuando google lanza su plataforma Google Analytics a finales de 2005 (ver <a href=\"http:\/\/www.forbes.com\/sites\/gilpress\/2013\/05\/28\/a-very-short-history-of-data-science\/2\/#5191ee87318e\">link<\/a>). A partir de entonces ha existido una confusi\u00f3n constante en t\u00e9rminos pues el concepto de Analytics es mucho m\u00e1s amplio que el an\u00e1lisis de tr\u00e1fico en sitios web aunque\u00a0se aplica en su totalidad a este campo.Hoy en d\u00eda el t\u00e9rmino Analytics es muy popular aunque\u00a0se confunde en ocasiones con otros muy populares como Big Data y Data Science. Todos ellos estan muy relacionados; Big Data consiste en la aplicaci\u00f3n de Analytics a grandes vol\u00famenes de datos y Data Science es una disciplina que intenta incorporar Analytics a aplicaciones epec\u00edficas de negocios.<\/p>\n<h3>Analytics en espa\u00f1ol<\/h3>\n<p>En espa\u00f1ol se suele utilizar el mismo t\u00e9rmino (Analytics), sin embargo, en los \u00faltimos a\u00f1os algunos autores y acad\u00e9micos han comenzado a utilizar la palabra <strong>Anal\u00edtica<\/strong> para definir esta disciplina. Yo prefiero segirla llamando Analytics pues sigue siendo el estandard internacional.<\/p>\n<h2>Disciplinas<\/h2>\n<p>Para trabajar en el campo de Analytics es necesario combinar las siguientes disciplinas y habilidades t\u00e9cnicas:<\/p>\n<ul>\n<li>Estad\u00edstica<\/li>\n<li>Matem\u00e1ticas<\/li>\n<li>Bases de datos<\/li>\n<li>Lenguajes de programaci\u00f3n (C#, C++, Java y\/o Python)<\/li>\n<li>Software especializado (Ver link)<\/li>\n<li>Conocimiento del negocio analizado (se requiere de un conocimiento sobre el campo aplicado para poder dirigir la exploraci\u00f3n de datos).<\/li>\n<\/ul>\n<h2>Aplicaciones<\/h2>\n<p>Las t\u00e9cnicas de Analytics pueden ser aplicadas a diferentes campos. A continuaci\u00f3n se presentan varios ejemplos.<\/p>\n<ul>\n<li>Ventas por retail<\/li>\n<li>Pricing (gesti\u00f3n de ingresos)<\/li>\n<li>Recursos humanos<\/li>\n<li>Finanzas<\/li>\n<li>Econom\u00eda<\/li>\n<li>Log\u00edstica<\/li>\n<li>Control de tr\u00e1fico<\/li>\n<li>etc.<\/li>\n<\/ul>\n<h2>Software<\/h2>\n<p>Existen varios software\u00a0utilizados en Analyicis. Los m\u00e1s populares son R y Python (lenguajes de programaci\u00f3n), SPSS (IBM), SAS, Excel, Matlab, etc.<\/p>\n<p>Varias empresas especializadas en la evoluci\u00f3n del Analytics realizan estudios peri\u00f3dicos\u00a0entre los expertos en el tema para determinar cu\u00e1l es la herramienta m\u00e1s utilizada, una de ellas es <a href=\"http:\/\/www.rexeranalytics.com\/\">Rexter Analytics<\/a> quien publica sus resultados anualmente. En su <a href=\"http:\/\/r4stats.com\/articles\/popularity\/\">\u00faltima encuesta<\/a> se presentaron las siguientes herramientas como las preferidas de los expertos en Analytics.<\/p>\n<p><a href=\"http:\/\/i1.wp.com\/datasciencepopularity.com\/wp-content\/uploads\/2015\/10\/fig_6b_rexersurveyalltools2015.png\"><img loading=\"lazy\" class=\"aligncenter wp-image-983 size-full\" src=\"http:\/\/agiltools.com\/blogsp\/wp-content\/uploads\/2016\/04\/fig_6b_rexersurveyalltools2015.png\" alt=\"fig_6b_rexersurveyalltools2015\" width=\"647\" height=\"495\" srcset=\"https:\/\/agiltools.com\/blogsp\/wp-content\/uploads\/2016\/04\/fig_6b_rexersurveyalltools2015.png 647w, https:\/\/agiltools.com\/blogsp\/wp-content\/uploads\/2016\/04\/fig_6b_rexersurveyalltools2015-300x230.png 300w\" sizes=\"(max-width: 647px) 100vw, 647px\" \/><\/a><\/p>\n<p>En esta encuesta el lenguaje de programaci\u00f3n R se presenta como la herramienta m\u00e1s popular. Esto no significa que las dem\u00e1s herramientas no sean \u00fatiles, de hecho yo he trabajado con Python, SPSS, Excel, Matlab, Stadistica y Stata, logrando obtener\u00a0buenos resultados tambi\u00e9n.<\/p>\n<p>En este blog har\u00e9 mucho \u00e9nfasis en R pues es el lenguaje que utilizo actualmente y pues en \u00e9l encuentro muchas ventajas para la divulgaci\u00f3n (entre otras el hecho de ser gratuito).<\/p>\n<div class=\"sharedaddy sd-sharing-enabled\"><div class=\"robots-nocontent sd-block sd-social sd-social-icon-text sd-sharing\"><div class=\"sd-content\"><ul><li class=\"share-twitter\"><a rel=\"nofollow noopener noreferrer\" data-shared=\"sharing-twitter-975\" class=\"share-twitter sd-button share-icon\" href=\"https:\/\/agiltools.com\/blogsp\/analytics\/?share=twitter\" target=\"_blank\" title=\"Click to share on Twitter\"><span>Twitter<\/span><\/a><\/li><li class=\"share-facebook\"><a rel=\"nofollow noopener noreferrer\" data-shared=\"sharing-facebook-975\" class=\"share-facebook sd-button share-icon\" href=\"https:\/\/agiltools.com\/blogsp\/analytics\/?share=facebook\" target=\"_blank\" title=\"Click to share on Facebook\"><span>Facebook<\/span><\/a><\/li><li class=\"share-end\"><\/li><\/ul><\/div><\/div><\/div><\/div><\/div>","protected":false},"excerpt":{"rendered":"<p>Qu\u00e9 es Analytics? Analytics es el an\u00e1lisis sist\u00e9mico de\u00a0datos\u00a0que permite\u00a0obtener informaci\u00f3n relevante a un objeto de estudio. El objeto es muy amplio y seg\u00fan el campo de aplicaci\u00f3n puede tratarse de las ventas de una empresa, las visitas a una p\u00e1gina web, los h\u00e1bitos de consumo de una poblaci\u00f3n, los comportamientos en redes sociales, etc. [&hellip;]<\/p>\n<div class=\"sharedaddy sd-sharing-enabled\"><div class=\"robots-nocontent sd-block sd-social sd-social-icon-text sd-sharing\"><div class=\"sd-content\"><ul><li class=\"share-twitter\"><a rel=\"nofollow noopener noreferrer\" data-shared=\"sharing-twitter-975\" class=\"share-twitter sd-button share-icon\" href=\"https:\/\/agiltools.com\/blogsp\/analytics\/?share=twitter\" target=\"_blank\" title=\"Click to share on Twitter\"><span>Twitter<\/span><\/a><\/li><li class=\"share-facebook\"><a rel=\"nofollow noopener noreferrer\" data-shared=\"sharing-facebook-975\" class=\"share-facebook sd-button share-icon\" href=\"https:\/\/agiltools.com\/blogsp\/analytics\/?share=facebook\" target=\"_blank\" title=\"Click to share on Facebook\"><span>Facebook<\/span><\/a><\/li><li class=\"share-end\"><\/li><\/ul><\/div><\/div><\/div>","protected":false},"author":1,"featured_media":0,"parent":0,"menu_order":0,"comment_status":"closed","ping_status":"closed","template":"","meta":{"_mi_skip_tracking":false,"spay_email":""},"jetpack_likes_enabled":true,"jetpack_sharing_enabled":true,"_links":{"self":[{"href":"https:\/\/agiltools.com\/blogsp\/wp-json\/wp\/v2\/pages\/975"}],"collection":[{"href":"https:\/\/agiltools.com\/blogsp\/wp-json\/wp\/v2\/pages"}],"about":[{"href":"https:\/\/agiltools.com\/blogsp\/wp-json\/wp\/v2\/types\/page"}],"author":[{"embeddable":true,"href":"https:\/\/agiltools.com\/blogsp\/wp-json\/wp\/v2\/users\/1"}],"replies":[{"embeddable":true,"href":"https:\/\/agiltools.com\/blogsp\/wp-json\/wp\/v2\/comments?post=975"}],"version-history":[{"count":4,"href":"https:\/\/agiltools.com\/blogsp\/wp-json\/wp\/v2\/pages\/975\/revisions"}],"predecessor-version":[{"id":984,"href":"https:\/\/agiltools.com\/blogsp\/wp-json\/wp\/v2\/pages\/975\/revisions\/984"}],"wp:attachment":[{"href":"https:\/\/agiltools.com\/blogsp\/wp-json\/wp\/v2\/media?parent=975"}],"curies":[{"name":"wp","href":"https:\/\/api.w.org\/{rel}","templated":true}]}}