{"id":989,"date":"2016-04-23T17:30:42","date_gmt":"2016-04-23T23:30:42","guid":{"rendered":"http:\/\/agiltools.com\/blogsp\/?page_id=989"},"modified":"2017-06-06T20:32:45","modified_gmt":"2017-06-07T02:32:45","slug":"r","status":"publish","type":"page","link":"https:\/\/agiltools.com\/blogsp\/analytics\/r\/","title":{"rendered":"R"},"content":{"rendered":"<div id=\"dslc-theme-content\"><div id=\"dslc-theme-content-inner\"><h2><a href=\"http:\/\/agiltools.com\/blogsp\/wp-content\/uploads\/2016\/04\/Rlogo-1.png\"><img loading=\"lazy\" class=\"aligncenter wp-image-999 size-medium\" src=\"http:\/\/agiltools.com\/blogsp\/wp-content\/uploads\/2016\/04\/Rlogo-1-300x228.png\" alt=\"Rlogo-1\" width=\"300\" height=\"228\" srcset=\"https:\/\/agiltools.com\/blogsp\/wp-content\/uploads\/2016\/04\/Rlogo-1-300x228.png 300w, https:\/\/agiltools.com\/blogsp\/wp-content\/uploads\/2016\/04\/Rlogo-1-768x583.png 768w, https:\/\/agiltools.com\/blogsp\/wp-content\/uploads\/2016\/04\/Rlogo-1-1024x777.png 1024w, https:\/\/agiltools.com\/blogsp\/wp-content\/uploads\/2016\/04\/Rlogo-1.png 1450w\" sizes=\"(max-width: 300px) 100vw, 300px\" \/><\/a><\/h2>\n<h2>Qu\u00e9 es R?<\/h2>\n<p>R es un lenguaje de programaci\u00f3n especializado en la manipulaci\u00f3n y an\u00e1lisis de datos. Fue desarrollado inicialmente por <a class=\"new\" title=\"Robert Gentleman (a\u00fan no redactado)\" href=\"https:\/\/es.wikipedia.org\/w\/index.php?title=Robert_Gentleman&amp;action=edit&amp;redlink=1\">Robert Gentleman<\/a> y <a class=\"new\" title=\"Ross Ihaka (a\u00fan no redactado)\" href=\"https:\/\/es.wikipedia.org\/w\/index.php?title=Ross_Ihaka&amp;action=edit&amp;redlink=1\">Ross Ihaka<\/a> del Departamento de Estad\u00edstica de la <a title=\"Universidad de Auckland\" href=\"https:\/\/es.wikipedia.org\/wiki\/Universidad_de_Auckland\">Universidad de Auckland<\/a> en 1993.\u00a0Sin embargo, si se remonta a sus bases iniciales, puede decirse que inici\u00f3 en los Bell Laboratories de <a title=\"AT&amp;T\" href=\"https:\/\/es.wikipedia.org\/wiki\/AT%26T\">AT&amp;T<\/a> y ahora\u00a0<a title=\"Alcatel-Lucent\" href=\"https:\/\/es.wikipedia.org\/wiki\/Alcatel-Lucent\">Alcatel-Lucent<\/a> en <a title=\"Nueva Jersey\" href=\"https:\/\/es.wikipedia.org\/wiki\/Nueva_Jersey\">Nueva Jersey<\/a> con el lenguaje S. Este \u00faltimo, un sistema para el an\u00e1lisis de datos desarrollado por <a class=\"new\" title=\"John Chambers (a\u00fan no redactado)\" href=\"https:\/\/es.wikipedia.org\/w\/index.php?title=John_Chambers&amp;action=edit&amp;redlink=1\">John Chambers<\/a>, <a class=\"new\" title=\"Rick Becker (a\u00fan no redactado)\" href=\"https:\/\/es.wikipedia.org\/w\/index.php?title=Rick_Becker&amp;action=edit&amp;redlink=1\">Rick Becker<\/a>, y colaboradores diferentes desde finales de 1970 (tomado de <a href=\"https:\/\/es.wikipedia.org\/wiki\/R_(lenguaje_de_programaci%C3%B3n)\" target=\"_blank\" rel=\"noopener noreferrer\">Wikipedia<\/a>).<\/p>\n<p>R es una poderosa herramienta utilizada tanto por estudiantes como por profesionales en todo el mundo. Si bien requiere de\u00a0una curva de aprendizaje dados los comandos y sintaxis propios de cualquier lenguaje, una vez aprendido es bastante sencillo de utilizar.<\/p>\n<p>Puede ser descargado en el siguiente <a href=\"https:\/\/www.r-project.org\/\" target=\"_blank\" rel=\"noopener noreferrer\">link<\/a>. Existen adicionalmente IDE especializados, uno de los m\u00e1s populares es <a href=\"https:\/\/www.rstudio.com\/\" target=\"_blank\" rel=\"noopener noreferrer\">R-Studio<\/a>.<\/p>\n<p>El siguiente es corto video sobre la historia, aplicaci\u00f3n y popularidad de R.<\/p>\n<p style=\"text-align: center;\"><iframe width=\"560\" height=\"315\" src=\"https:\/\/www.youtube.com\/embed\/XcBLEVknqvY\" frameborder=\"0\" allowfullscreen=\"allowfullscreen\"><\/iframe><\/p>\n<h2>Algunas empresas que usan R<\/h2>\n<p><a href=\"http:\/\/agiltools.com\/blogsp\/wp-content\/uploads\/2016\/04\/empresas.png\"><img loading=\"lazy\" class=\"aligncenter size-full wp-image-998\" src=\"http:\/\/agiltools.com\/blogsp\/wp-content\/uploads\/2016\/04\/empresas.png\" alt=\"empresas\" width=\"1006\" height=\"439\" srcset=\"https:\/\/agiltools.com\/blogsp\/wp-content\/uploads\/2016\/04\/empresas.png 1006w, https:\/\/agiltools.com\/blogsp\/wp-content\/uploads\/2016\/04\/empresas-300x131.png 300w, https:\/\/agiltools.com\/blogsp\/wp-content\/uploads\/2016\/04\/empresas-768x335.png 768w\" sizes=\"(max-width: 1006px) 100vw, 1006px\" \/><\/a><\/p>\n<h2>IDEs<\/h2>\n<ul>\n<li>R-Studio<\/li>\n<li>Red-R<\/li>\n<li>Rattle<\/li>\n<li>Eclipse (StatET)<\/li>\n<li>Visual Studio<\/li>\n<\/ul>\n<p>&nbsp;<\/p>\n<div class=\"sharedaddy sd-sharing-enabled\"><div class=\"robots-nocontent sd-block sd-social sd-social-icon-text sd-sharing\"><div class=\"sd-content\"><ul><li class=\"share-twitter\"><a rel=\"nofollow noopener noreferrer\" data-shared=\"sharing-twitter-989\" class=\"share-twitter sd-button share-icon\" href=\"https:\/\/agiltools.com\/blogsp\/analytics\/r\/?share=twitter\" target=\"_blank\" title=\"Click to share on Twitter\"><span>Twitter<\/span><\/a><\/li><li class=\"share-facebook\"><a rel=\"nofollow noopener noreferrer\" data-shared=\"sharing-facebook-989\" class=\"share-facebook sd-button share-icon\" href=\"https:\/\/agiltools.com\/blogsp\/analytics\/r\/?share=facebook\" target=\"_blank\" title=\"Click to share on Facebook\"><span>Facebook<\/span><\/a><\/li><li class=\"share-end\"><\/li><\/ul><\/div><\/div><\/div><\/div><\/div>","protected":false},"excerpt":{"rendered":"<p>Qu\u00e9 es R? R es un lenguaje de programaci\u00f3n especializado en la manipulaci\u00f3n y an\u00e1lisis de datos. Fue desarrollado inicialmente por Robert Gentleman y Ross Ihaka del Departamento de Estad\u00edstica de la Universidad de Auckland en 1993.\u00a0Sin embargo, si se remonta a sus bases iniciales, puede decirse que inici\u00f3 en los Bell Laboratories de AT&amp;T [&hellip;]<\/p>\n<div class=\"sharedaddy sd-sharing-enabled\"><div class=\"robots-nocontent sd-block sd-social sd-social-icon-text sd-sharing\"><div class=\"sd-content\"><ul><li class=\"share-twitter\"><a rel=\"nofollow noopener noreferrer\" data-shared=\"sharing-twitter-989\" class=\"share-twitter sd-button share-icon\" href=\"https:\/\/agiltools.com\/blogsp\/analytics\/r\/?share=twitter\" target=\"_blank\" title=\"Click to share on Twitter\"><span>Twitter<\/span><\/a><\/li><li class=\"share-facebook\"><a rel=\"nofollow noopener noreferrer\" data-shared=\"sharing-facebook-989\" class=\"share-facebook sd-button share-icon\" href=\"https:\/\/agiltools.com\/blogsp\/analytics\/r\/?share=facebook\" target=\"_blank\" title=\"Click to share on Facebook\"><span>Facebook<\/span><\/a><\/li><li class=\"share-end\"><\/li><\/ul><\/div><\/div><\/div>","protected":false},"author":1,"featured_media":0,"parent":975,"menu_order":0,"comment_status":"closed","ping_status":"closed","template":"","meta":{"_mi_skip_tracking":false,"spay_email":""},"jetpack_likes_enabled":true,"jetpack_sharing_enabled":true,"_links":{"self":[{"href":"https:\/\/agiltools.com\/blogsp\/wp-json\/wp\/v2\/pages\/989"}],"collection":[{"href":"https:\/\/agiltools.com\/blogsp\/wp-json\/wp\/v2\/pages"}],"about":[{"href":"https:\/\/agiltools.com\/blogsp\/wp-json\/wp\/v2\/types\/page"}],"author":[{"embeddable":true,"href":"https:\/\/agiltools.com\/blogsp\/wp-json\/wp\/v2\/users\/1"}],"replies":[{"embeddable":true,"href":"https:\/\/agiltools.com\/blogsp\/wp-json\/wp\/v2\/comments?post=989"}],"version-history":[{"count":7,"href":"https:\/\/agiltools.com\/blogsp\/wp-json\/wp\/v2\/pages\/989\/revisions"}],"predecessor-version":[{"id":1267,"href":"https:\/\/agiltools.com\/blogsp\/wp-json\/wp\/v2\/pages\/989\/revisions\/1267"}],"up":[{"embeddable":true,"href":"https:\/\/agiltools.com\/blogsp\/wp-json\/wp\/v2\/pages\/975"}],"wp:attachment":[{"href":"https:\/\/agiltools.com\/blogsp\/wp-json\/wp\/v2\/media?parent=989"}],"curies":[{"name":"wp","href":"https:\/\/api.w.org\/{rel}","templated":true}]}}